{"id":67,"date":"2015-09-11T14:22:01","date_gmt":"2015-09-11T12:22:01","guid":{"rendered":"http:\/\/pd-foto.de\/?page_id=67"},"modified":"2025-09-11T08:14:17","modified_gmt":"2025-09-11T07:14:17","slug":"news","status":"publish","type":"page","link":"https:\/\/www.artdentpeine.de\/index.php\/news\/","title":{"rendered":"News"},"content":{"rendered":"<p><a href=\"https:\/\/www.artdentpeine.de\/wp-content\/uploads\/2020\/09\/Jobs-2.png\"><img decoding=\"async\" loading=\"lazy\" class=\"wp-image-252 aligncenter\" src=\"https:\/\/www.artdentpeine.de\/wp-content\/uploads\/2020\/09\/Jobs-2.png\" alt=\"\" width=\"323\" height=\"321\" srcset=\"https:\/\/www.artdentpeine.de\/wp-content\/uploads\/2020\/09\/Jobs-2.png 535w, https:\/\/www.artdentpeine.de\/wp-content\/uploads\/2020\/09\/Jobs-2-300x298.png 300w, https:\/\/www.artdentpeine.de\/wp-content\/uploads\/2020\/09\/Jobs-2-150x150.png 150w\" sizes=\"(max-width: 323px) 100vw, 323px\" \/><\/a><\/p>\n<p><span style=\"color: #ffffff;\">11\/2024<\/span><\/p>\n<p><a href=\"https:\/\/www.artdentpeine.de\/wp-content\/uploads\/2024\/11\/IMG_0812-rotated.jpeg\"><img decoding=\"async\" loading=\"lazy\" class=\"aligncenter size-full wp-image-285\" src=\"https:\/\/www.artdentpeine.de\/wp-content\/uploads\/2024\/11\/IMG_0812-rotated.jpeg\" alt=\"\" width=\"1200\" height=\"1600\" srcset=\"https:\/\/www.artdentpeine.de\/wp-content\/uploads\/2024\/11\/IMG_0812-rotated.jpeg 1200w, https:\/\/www.artdentpeine.de\/wp-content\/uploads\/2024\/11\/IMG_0812-225x300.jpeg 225w, https:\/\/www.artdentpeine.de\/wp-content\/uploads\/2024\/11\/IMG_0812-768x1024.jpeg 768w, https:\/\/www.artdentpeine.de\/wp-content\/uploads\/2024\/11\/IMG_0812-1152x1536.jpeg 1152w\" sizes=\"(max-width: 1200px) 100vw, 1200px\" \/><\/a><\/p>\n<p><span style=\"color: #ffffff;\">\u00a0<\/span> <span style=\"color: #ffffff;\">04\/2019<\/span><\/p>\n<p><a href=\"https:\/\/www.artdentpeine.de\/wp-content\/uploads\/2019\/04\/10Jahre-e1554317171107.png\"><img decoding=\"async\" loading=\"lazy\" class=\"aligncenter size-full wp-image-217\" src=\"https:\/\/www.artdentpeine.de\/wp-content\/uploads\/2019\/04\/10Jahre-e1554317171107.png\" alt=\"\" width=\"852\" height=\"429\" \/><\/a><\/p>\n<p><span style=\"color: #ffffff;\">\u00a0<\/span><\/p>\n<p><span style=\"color: #ffffff;\">09\/2015<\/span><\/p>\n<p><img decoding=\"async\" loading=\"lazy\" class=\"aligncenter wp-image-69 size-full\" src=\"https:\/\/www.artdentpeine.de\/wp-content\/uploads\/2015\/09\/Verstaerkung2.png\" alt=\"Verstaerkung2\" width=\"1207\" height=\"919\" srcset=\"https:\/\/www.artdentpeine.de\/wp-content\/uploads\/2015\/09\/Verstaerkung2.png 1207w, https:\/\/www.artdentpeine.de\/wp-content\/uploads\/2015\/09\/Verstaerkung2-300x228.png 300w, https:\/\/www.artdentpeine.de\/wp-content\/uploads\/2015\/09\/Verstaerkung2-1024x780.png 1024w, https:\/\/www.artdentpeine.de\/wp-content\/uploads\/2015\/09\/Verstaerkung2-624x475.png 624w\" sizes=\"(max-width: 1207px) 100vw, 1207px\" \/><\/p>\n<p><a href=\"https:\/\/www.artdentpeine.de\/wp-content\/uploads\/2015\/09\/ArtDent_Panorama-1_1_Bildgr\u00f6\u00dfe-\u00e4ndern.png\"><img decoding=\"async\" loading=\"lazy\" class=\"aligncenter size-full wp-image-147\" src=\"https:\/\/www.artdentpeine.de\/wp-content\/uploads\/2015\/09\/ArtDent_Panorama-1_1_Bildgr\u00f6\u00dfe-\u00e4ndern.png\" alt=\"\" width=\"800\" height=\"577\" srcset=\"https:\/\/www.artdentpeine.de\/wp-content\/uploads\/2015\/09\/ArtDent_Panorama-1_1_Bildgr\u00f6\u00dfe-\u00e4ndern.png 800w, https:\/\/www.artdentpeine.de\/wp-content\/uploads\/2015\/09\/ArtDent_Panorama-1_1_Bildgr\u00f6\u00dfe-\u00e4ndern-300x216.png 300w\" sizes=\"(max-width: 800px) 100vw, 800px\" \/><\/a><\/p>\n<p><a href=\"https:\/\/www.artdentpeine.de\/wp-content\/uploads\/2015\/09\/maedels-3_1.png\"><img decoding=\"async\" loading=\"lazy\" class=\"aligncenter size-full wp-image-149\" src=\"https:\/\/www.artdentpeine.de\/wp-content\/uploads\/2015\/09\/maedels-3_1.png\" alt=\"\" width=\"815\" height=\"591\" srcset=\"https:\/\/www.artdentpeine.de\/wp-content\/uploads\/2015\/09\/maedels-3_1.png 815w, https:\/\/www.artdentpeine.de\/wp-content\/uploads\/2015\/09\/maedels-3_1-300x218.png 300w\" sizes=\"(max-width: 815px) 100vw, 815px\" \/><\/a><\/p>\n","protected":false},"excerpt":{"rendered":"<p>11\/2024 \u00a0 04\/2019 \u00a0 09\/2015<\/p>\n","protected":false},"author":2,"featured_media":0,"parent":0,"menu_order":0,"comment_status":"closed","ping_status":"closed","template":"","meta":{"footnotes":""},"_links":{"self":[{"href":"https:\/\/www.artdentpeine.de\/index.php\/wp-json\/wp\/v2\/pages\/67"}],"collection":[{"href":"https:\/\/www.artdentpeine.de\/index.php\/wp-json\/wp\/v2\/pages"}],"about":[{"href":"https:\/\/www.artdentpeine.de\/index.php\/wp-json\/wp\/v2\/types\/page"}],"author":[{"embeddable":true,"href":"https:\/\/www.artdentpeine.de\/index.php\/wp-json\/wp\/v2\/users\/2"}],"replies":[{"embeddable":true,"href":"https:\/\/www.artdentpeine.de\/index.php\/wp-json\/wp\/v2\/comments?post=67"}],"version-history":[{"count":10,"href":"https:\/\/www.artdentpeine.de\/index.php\/wp-json\/wp\/v2\/pages\/67\/revisions"}],"predecessor-version":[{"id":300,"href":"https:\/\/www.artdentpeine.de\/index.php\/wp-json\/wp\/v2\/pages\/67\/revisions\/300"}],"wp:attachment":[{"href":"https:\/\/www.artdentpeine.de\/index.php\/wp-json\/wp\/v2\/media?parent=67"}],"curies":[{"name":"wp","href":"https:\/\/api.w.org\/{rel}","templated":true}]}}